{"id":423,"date":"2019-04-19T07:12:24","date_gmt":"2019-04-19T05:12:24","guid":{"rendered":"http:\/\/demo.sparklewpthemes.com\/constructionlight\/?page_id=423"},"modified":"2022-06-08T07:16:04","modified_gmt":"2022-06-08T05:16:04","slug":"inspeccion-tecnica-de-obras","status":"publish","type":"page","link":"https:\/\/csaingenieria.cl\/index\/inspeccion-tecnica-de-obras\/","title":{"rendered":"Inspecci\u00f3n T\u00e9cnica de Obras:"},"content":{"rendered":"\n<!--more-->\n\n\n\n<p>Servicio de Inspecci\u00f3n t\u00e9cnica de obras industriales multidisciplinarias, Civil, Mec\u00e1nica, el\u00e9ctrica instrumental.<\/p>\n","protected":false},"excerpt":{"rendered":"","protected":false},"author":1,"featured_media":0,"parent":0,"menu_order":0,"comment_status":"closed","ping_status":"closed","template":"","meta":{"footnotes":"","_links_to":"","_links_to_target":""},"class_list":["post-423","page","type-page","status-publish","hentry"],"_links":{"self":[{"href":"https:\/\/csaingenieria.cl\/index\/wp-json\/wp\/v2\/pages\/423","targetHints":{"allow":["GET"]}}],"collection":[{"href":"https:\/\/csaingenieria.cl\/index\/wp-json\/wp\/v2\/pages"}],"about":[{"href":"https:\/\/csaingenieria.cl\/index\/wp-json\/wp\/v2\/types\/page"}],"author":[{"embeddable":true,"href":"https:\/\/csaingenieria.cl\/index\/wp-json\/wp\/v2\/users\/1"}],"replies":[{"embeddable":true,"href":"https:\/\/csaingenieria.cl\/index\/wp-json\/wp\/v2\/comments?post=423"}],"version-history":[{"count":4,"href":"https:\/\/csaingenieria.cl\/index\/wp-json\/wp\/v2\/pages\/423\/revisions"}],"predecessor-version":[{"id":3304,"href":"https:\/\/csaingenieria.cl\/index\/wp-json\/wp\/v2\/pages\/423\/revisions\/3304"}],"wp:attachment":[{"href":"https:\/\/csaingenieria.cl\/index\/wp-json\/wp\/v2\/media?parent=423"}],"curies":[{"name":"wp","href":"https:\/\/api.w.org\/{rel}","templated":true}]}}